{"id":4659,"date":"2023-06-29T00:36:40","date_gmt":"2023-06-29T00:36:40","guid":{"rendered":"https:\/\/mundopsp.cl\/?post_type=product&#038;p=4659"},"modified":"2024-07-21T17:41:31","modified_gmt":"2024-07-21T17:41:31","slug":"funciones-ejecutivas","status":"publish","type":"product","link":"https:\/\/mundopsp.cl\/index.php\/producto\/funciones-ejecutivas\/","title":{"rendered":"Funciones Ejecutivas"},"content":{"rendered":"<p><strong>\u00bfQu\u00e9 son las Funciones Ejecutivas (FEs)?<\/strong><\/p>\n<p>\u00bfC\u00f3mo se diferencian de otras funciones cognitivas?<\/p>\n<p>\u00bfSobre qu\u00e9 procesos y en que dominios intervienen?<\/p>\n<p>\u00bfConstituyen un constructo unitario o multidimensional?<\/p>\n<p>\u00bfCu\u00e1les son sus principales componentes?<\/p>\n<p>\u00bfC\u00f3mo intervienen y se muestran en la vida cotidiana?<\/p>\n<p>\u00bfC\u00f3mo podemos evaluarlas y entrenarlas?<\/p>\n<p>La multiplicidad de modelos, y estudios emp\u00edricos vinculados a estos temas dificultan la comprensi\u00f3n al lector principiante que intenta entender en qu\u00e9 consisten y para sirven estas funciones.<\/p>\n<p>El objetivo principal del libro consiste en explicar de una manera amigable la forma en que estas funciones intervienen en nuestras actividades habituales, sus principales caracter\u00edsticas y propiedades y sus diferencias con otras funciones cognitivas. Para ello, decidimos abordar siete de las principales \u00e1reas de investigaci\u00f3n:<\/p>\n<p>1) la conceptualizaci\u00f3n de las FEs e identificaci\u00f3n y definici\u00f3n de sus principales componentes,<\/p>\n<p>2) su participaci\u00f3n en relaci\u00f3n con otras funciones y procesos cognitivos,<\/p>\n<p>3) su relaci\u00f3n con las habilidades sociales y la regulaci\u00f3n emocional,<\/p>\n<p>4) Su intervenci\u00f3n en una actividad tan t\u00edpica y cotidiana como la conducci\u00f3n,<\/p>\n<p>5) su declive y\/o deterioro asociado a la envejecimiento,<\/p>\n<p>6) su entrenamiento<\/p>\n<p>7) su evaluaci\u00f3n.<\/p>\n<p>Esperamos que este libro permita aunar criterios en relaci\u00f3n a la definici\u00f3n conceptual de las funciones ejecutivas, clarifique su relaci\u00f3n con otros procesos, ejemplifique su funcionamiento en diversos \u00e1mbitos de aplicaci\u00f3n y concientice sobre la importancia de las mismas en el campo de la psicolog\u00eda y ciencia acciones.<\/p>\n<p>Por \u00faltimo, deseamos que este libro permita sentar las bases para un trabajo en conjunto entre investigadores de distintos lugares de la Argentina e hispanohablantes.<\/p>\n<p>Este libro est\u00e1 destinado principalmente a estudiantes y profesionales de carreras como Psicolog\u00eda, Psicopedagog\u00eda, Terapia Ocupacional, Fonoaudiolog\u00eda, Ciencias de la Educaci\u00f3n y disciplinas \u00e1reas a la salud mental. A su vez tambi\u00e9n trata temas de inter\u00e9s para especialidades como la Psiquiatr\u00eda, la Neurolog\u00eda, la Neuropsicolog\u00eda y las Neurociencias entre otras.<\/p>\n<ul>\n<li>Editorial: editorial neuroaprendizaje infantil<\/li>\n<li>Peso: 800 gramos<\/li>\n<li>Dimensiones: 20cm X 25cm X 5cm<\/li>\n<\/ul>\n","protected":false},"excerpt":{"rendered":"<p>Definici\u00f3n Conceptual, Areas de Implicancia, Evaluaci\u00f3n y Entrenamiento<\/p>\n","protected":false},"featured_media":7680,"template":"","meta":[],"product_brand":[],"product_cat":[54],"product_tag":[],"class_list":{"0":"post-4659","1":"product","2":"type-product","3":"status-publish","4":"has-post-thumbnail","6":"product_cat-libros","8":"first","9":"instock","10":"shipping-taxable","11":"purchasable","12":"product-type-simple"},"_links":{"self":[{"href":"https:\/\/mundopsp.cl\/index.php\/wp-json\/wp\/v2\/product\/4659","targetHints":{"allow":["GET"]}}],"collection":[{"href":"https:\/\/mundopsp.cl\/index.php\/wp-json\/wp\/v2\/product"}],"about":[{"href":"https:\/\/mundopsp.cl\/index.php\/wp-json\/wp\/v2\/types\/product"}],"wp:featuredmedia":[{"embeddable":true,"href":"https:\/\/mundopsp.cl\/index.php\/wp-json\/wp\/v2\/media\/7680"}],"wp:attachment":[{"href":"https:\/\/mundopsp.cl\/index.php\/wp-json\/wp\/v2\/media?parent=4659"}],"wp:term":[{"taxonomy":"product_brand","embeddable":true,"href":"https:\/\/mundopsp.cl\/index.php\/wp-json\/wp\/v2\/product_brand?post=4659"},{"taxonomy":"product_cat","embeddable":true,"href":"https:\/\/mundopsp.cl\/index.php\/wp-json\/wp\/v2\/product_cat?post=4659"},{"taxonomy":"product_tag","embeddable":true,"href":"https:\/\/mundopsp.cl\/index.php\/wp-json\/wp\/v2\/product_tag?post=4659"}],"curies":[{"name":"wp","href":"https:\/\/api.w.org\/{rel}","templated":true}]}}