{"id":5730,"date":"2023-08-16T00:56:36","date_gmt":"2023-08-16T00:56:36","guid":{"rendered":"https:\/\/mundopsp.cl\/?post_type=product&#038;p=5730"},"modified":"2024-08-01T02:59:01","modified_gmt":"2024-08-01T02:59:01","slug":"associados","status":"publish","type":"product","link":"https:\/\/mundopsp.cl\/index.php\/producto\/associados\/","title":{"rendered":"Associados"},"content":{"rendered":"<p>Objetivo did\u00e1ctico: las tarjetas pueden ser utilizadas como estimulo para ni\u00f1os peque\u00f1os que se encuentran en la adquisici\u00f3n del lenguaje oral. A partir de los 3 a\u00f1os en adelante, las tarjetas ayudan a estructurar el lenguaje e incorporar vocabulario, as\u00ed como tambi\u00e9n la asimilaci\u00f3n de estructuras ling\u00fc\u00edsticas mas complejas.<\/p>\n","protected":false},"excerpt":{"rendered":"<p>J\u00f3venes y adultos<\/p>\n","protected":false},"featured_media":7538,"template":"","meta":[],"product_brand":[],"product_cat":[65],"product_tag":[],"class_list":{"0":"post-5730","1":"product","2":"type-product","3":"status-publish","4":"has-post-thumbnail","6":"product_cat-material-cognitivo","8":"first","9":"instock","10":"shipping-taxable","11":"purchasable","12":"product-type-simple"},"_links":{"self":[{"href":"https:\/\/mundopsp.cl\/index.php\/wp-json\/wp\/v2\/product\/5730","targetHints":{"allow":["GET"]}}],"collection":[{"href":"https:\/\/mundopsp.cl\/index.php\/wp-json\/wp\/v2\/product"}],"about":[{"href":"https:\/\/mundopsp.cl\/index.php\/wp-json\/wp\/v2\/types\/product"}],"wp:featuredmedia":[{"embeddable":true,"href":"https:\/\/mundopsp.cl\/index.php\/wp-json\/wp\/v2\/media\/7538"}],"wp:attachment":[{"href":"https:\/\/mundopsp.cl\/index.php\/wp-json\/wp\/v2\/media?parent=5730"}],"wp:term":[{"taxonomy":"product_brand","embeddable":true,"href":"https:\/\/mundopsp.cl\/index.php\/wp-json\/wp\/v2\/product_brand?post=5730"},{"taxonomy":"product_cat","embeddable":true,"href":"https:\/\/mundopsp.cl\/index.php\/wp-json\/wp\/v2\/product_cat?post=5730"},{"taxonomy":"product_tag","embeddable":true,"href":"https:\/\/mundopsp.cl\/index.php\/wp-json\/wp\/v2\/product_tag?post=5730"}],"curies":[{"name":"wp","href":"https:\/\/api.w.org\/{rel}","templated":true}]}}