{"id":5743,"date":"2023-08-20T01:32:34","date_gmt":"2023-08-20T01:32:34","guid":{"rendered":"https:\/\/mundopsp.cl\/?post_type=product&#038;p=5743"},"modified":"2024-09-02T16:40:45","modified_gmt":"2024-09-02T16:40:45","slug":"45-dias-de-estimulacion-cognitiva","status":"publish","type":"product","link":"https:\/\/mundopsp.cl\/index.php\/producto\/45-dias-de-estimulacion-cognitiva\/","title":{"rendered":"45 d\u00edas de estimulaci\u00f3n cognitiva"},"content":{"rendered":"<p>El papel de la estimulaci\u00f3n cognitiva en el \u00e1mbito de la neuropsicolog\u00eda es muy importante, ya que ayuda a mantener y potenciar el funcionamiento cognitivo repercutiendo as\u00ed en una mejora de la calidad de vida de las personas. Esta mejora se produce gracias al alcance de objetivos mas concretos, tales como el mantenimiento de las capacidades mentales el m\u00e1ximo tiempo posible, la potenciaci\u00f3n de la autonom\u00eda y la autoestima de la persona, la mejora de la interacci\u00f3n de esta con su entorno y la disminuci\u00f3n de la ansiedad y la confusi\u00f3n, as\u00ed como otras reacciones psicol\u00f3gicas adversas. El objetivo de este cuaderno es potenciar y mejorar las capacidades cognitivas de las personas (memoria, atenci\u00f3n, orientaci\u00f3n, funciones ejecutivas, etc) y apoyar el trabajo de los profesionales.<\/p>\n","protected":false},"excerpt":{"rendered":"<p>El papel de la estimulaci\u00f3n cognitiva en el \u00e1mbito de la neuropsicolog\u00eda es muy importante, ya que ayuda a mantener y potenciar el funcionamiento cognitivo repercutiendo as\u00ed en una mejora de la calidad de vida de las personas. Esta mejora se produce gracias al alcance de objetivos mas concretos, tales como el mantenimiento de las [&hellip;]<\/p>\n","protected":false},"featured_media":7528,"template":"","meta":[],"product_brand":[],"product_cat":[165],"product_tag":[],"class_list":{"0":"post-5743","1":"product","2":"type-product","3":"status-publish","4":"has-post-thumbnail","6":"product_cat-cuadernos-de-estimulacion-cognitiva","8":"first","9":"instock","10":"shipping-taxable","11":"purchasable","12":"product-type-simple"},"_links":{"self":[{"href":"https:\/\/mundopsp.cl\/index.php\/wp-json\/wp\/v2\/product\/5743","targetHints":{"allow":["GET"]}}],"collection":[{"href":"https:\/\/mundopsp.cl\/index.php\/wp-json\/wp\/v2\/product"}],"about":[{"href":"https:\/\/mundopsp.cl\/index.php\/wp-json\/wp\/v2\/types\/product"}],"wp:featuredmedia":[{"embeddable":true,"href":"https:\/\/mundopsp.cl\/index.php\/wp-json\/wp\/v2\/media\/7528"}],"wp:attachment":[{"href":"https:\/\/mundopsp.cl\/index.php\/wp-json\/wp\/v2\/media?parent=5743"}],"wp:term":[{"taxonomy":"product_brand","embeddable":true,"href":"https:\/\/mundopsp.cl\/index.php\/wp-json\/wp\/v2\/product_brand?post=5743"},{"taxonomy":"product_cat","embeddable":true,"href":"https:\/\/mundopsp.cl\/index.php\/wp-json\/wp\/v2\/product_cat?post=5743"},{"taxonomy":"product_tag","embeddable":true,"href":"https:\/\/mundopsp.cl\/index.php\/wp-json\/wp\/v2\/product_tag?post=5743"}],"curies":[{"name":"wp","href":"https:\/\/api.w.org\/{rel}","templated":true}]}}