{"id":5744,"date":"2023-08-20T01:33:59","date_gmt":"2023-08-20T01:33:59","guid":{"rendered":"https:\/\/mundopsp.cl\/?post_type=product&#038;p=5744"},"modified":"2024-07-21T04:19:12","modified_gmt":"2024-07-21T04:19:12","slug":"conciencia-fonologica-2","status":"publish","type":"product","link":"https:\/\/mundopsp.cl\/index.php\/producto\/conciencia-fonologica-2\/","title":{"rendered":"Conciencia fonol\u00f3gica"},"content":{"rendered":"<p>Esta es una propuesta din\u00e1mica, l\u00fadica y atractiva para entrenar el desarrollo de las habilidades de conciencia fonol\u00f3gica, tan importantes para el lenguaje y la adquisici\u00f3n de la lectoescritura. La propuesta integra, a partir de divertidas actividades, la conciencia sil\u00e1bica, fon\u00e9mica, memoria y discriminaci\u00f3n auditiva que podr\u00e1s estimular utilizando las distintas fichas y el material para recortar. Una gu\u00eda con actividades ordenadas de menor a mayor complejidad para que el trabajo en el aula o en consultorio, resulte pr\u00e1ctico, \u00e1gil y sencillo.<\/p>\n","protected":false},"excerpt":{"rendered":"<p>Esta es una propuesta din\u00e1mica, l\u00fadica y atractiva para entrenar el desarrollo de las habilidades de conciencia fonol\u00f3gica, tan importantes para el lenguaje y la adquisici\u00f3n de la lectoescritura. La propuesta integra, a partir de divertidas actividades, la conciencia sil\u00e1bica, fon\u00e9mica, memoria y discriminaci\u00f3n auditiva que podr\u00e1s estimular utilizando las distintas fichas y el material [&hellip;]<\/p>\n","protected":false},"featured_media":7527,"template":"","meta":[],"product_brand":[],"product_cat":[165],"product_tag":[],"class_list":{"0":"post-5744","1":"product","2":"type-product","3":"status-publish","4":"has-post-thumbnail","6":"product_cat-cuadernos-de-estimulacion-cognitiva","8":"first","9":"instock","10":"shipping-taxable","11":"purchasable","12":"product-type-simple"},"_links":{"self":[{"href":"https:\/\/mundopsp.cl\/index.php\/wp-json\/wp\/v2\/product\/5744","targetHints":{"allow":["GET"]}}],"collection":[{"href":"https:\/\/mundopsp.cl\/index.php\/wp-json\/wp\/v2\/product"}],"about":[{"href":"https:\/\/mundopsp.cl\/index.php\/wp-json\/wp\/v2\/types\/product"}],"wp:featuredmedia":[{"embeddable":true,"href":"https:\/\/mundopsp.cl\/index.php\/wp-json\/wp\/v2\/media\/7527"}],"wp:attachment":[{"href":"https:\/\/mundopsp.cl\/index.php\/wp-json\/wp\/v2\/media?parent=5744"}],"wp:term":[{"taxonomy":"product_brand","embeddable":true,"href":"https:\/\/mundopsp.cl\/index.php\/wp-json\/wp\/v2\/product_brand?post=5744"},{"taxonomy":"product_cat","embeddable":true,"href":"https:\/\/mundopsp.cl\/index.php\/wp-json\/wp\/v2\/product_cat?post=5744"},{"taxonomy":"product_tag","embeddable":true,"href":"https:\/\/mundopsp.cl\/index.php\/wp-json\/wp\/v2\/product_tag?post=5744"}],"curies":[{"name":"wp","href":"https:\/\/api.w.org\/{rel}","templated":true}]}}