{"id":5876,"date":"2023-08-25T20:34:32","date_gmt":"2023-08-25T20:34:32","guid":{"rendered":"https:\/\/mundopsp.cl\/?post_type=product&#038;p=5876"},"modified":"2025-02-12T15:10:16","modified_gmt":"2025-02-12T15:10:16","slug":"100-ejercicios-para-mejorar-tu-comprension-lectora","status":"publish","type":"product","link":"https:\/\/mundopsp.cl\/index.php\/producto\/100-ejercicios-para-mejorar-tu-comprension-lectora\/","title":{"rendered":"100 ejercicios para mejorar tu comprensi\u00f3n lectora"},"content":{"rendered":"<p>100 ejercicios para mejorar tu comprensi\u00f3n lectora es una excelente herramienta para que el profesorado disponga de un amplio repertorio de ejercicios que van desde el reconocimiento del l\u00e9xico hasta la construcci\u00f3n global del texto. Orientado al 3er ciclo de Primaria y como refuerzo para el 1er ciclo de Secundaria. En este cuaderno se trabajan: Reconocimiento del l\u00e9xico. Construcci\u00f3n e integraci\u00f3n del significado de las frases. Estructura de los textos. Intenciones comunicativas. Identificaci\u00f3n de los datos en un texto. Pr\u00e1ctica de la asociaci\u00f3n de conceptos para ampliar conocimientos. Orden de la informaci\u00f3n. Mecanismos de asociaci\u00f3n. Aprendizaje de lectura activa en textos. Uso de la l\u00f3gica en la vida cotidiana. PRINCIPALES OBJETIVOS Estimular el gusto por la lectura desarrollando una mejor comprensi\u00f3n lectora. Trabajar individualmente las tareas que preceden a una buena comprensi\u00f3n. Facilitar al aprendizaje reforzando contenidos fundamentales. Aportar un amplio abanico de actividades que estimulen la creatividad del alumno. 100 ejercicios para mejorar tu comprensi\u00f3n lectora: lo mejor para su futuro.<\/p>\n","protected":false},"excerpt":{"rendered":"<p>100 ejercicios para mejorar tu comprensi\u00f3n lectora es una excelente herramienta para que el profesorado disponga de un amplio repertorio de ejercicios que van desde el reconocimiento del l\u00e9xico hasta la construcci\u00f3n global del texto. Orientado al 3er ciclo de Primaria y como refuerzo para el 1er ciclo de Secundaria. En este cuaderno se trabajan: [&hellip;]<\/p>\n","protected":false},"featured_media":7500,"template":"","meta":[],"product_brand":[],"product_cat":[165],"product_tag":[],"class_list":{"0":"post-5876","1":"product","2":"type-product","3":"status-publish","4":"has-post-thumbnail","6":"product_cat-cuadernos-de-estimulacion-cognitiva","8":"first","9":"outofstock","10":"shipping-taxable","11":"purchasable","12":"product-type-simple"},"_links":{"self":[{"href":"https:\/\/mundopsp.cl\/index.php\/wp-json\/wp\/v2\/product\/5876","targetHints":{"allow":["GET"]}}],"collection":[{"href":"https:\/\/mundopsp.cl\/index.php\/wp-json\/wp\/v2\/product"}],"about":[{"href":"https:\/\/mundopsp.cl\/index.php\/wp-json\/wp\/v2\/types\/product"}],"wp:featuredmedia":[{"embeddable":true,"href":"https:\/\/mundopsp.cl\/index.php\/wp-json\/wp\/v2\/media\/7500"}],"wp:attachment":[{"href":"https:\/\/mundopsp.cl\/index.php\/wp-json\/wp\/v2\/media?parent=5876"}],"wp:term":[{"taxonomy":"product_brand","embeddable":true,"href":"https:\/\/mundopsp.cl\/index.php\/wp-json\/wp\/v2\/product_brand?post=5876"},{"taxonomy":"product_cat","embeddable":true,"href":"https:\/\/mundopsp.cl\/index.php\/wp-json\/wp\/v2\/product_cat?post=5876"},{"taxonomy":"product_tag","embeddable":true,"href":"https:\/\/mundopsp.cl\/index.php\/wp-json\/wp\/v2\/product_tag?post=5876"}],"curies":[{"name":"wp","href":"https:\/\/api.w.org\/{rel}","templated":true}]}}