{"id":5948,"date":"2023-09-25T23:20:57","date_gmt":"2023-09-25T23:20:57","guid":{"rendered":"https:\/\/mundopsp.cl\/?post_type=product&#038;p=5948"},"modified":"2024-07-20T22:05:06","modified_gmt":"2024-07-20T22:05:06","slug":"intervencion-integral-de-las-demencias","status":"publish","type":"product","link":"https:\/\/mundopsp.cl\/index.php\/producto\/intervencion-integral-de-las-demencias\/","title":{"rendered":"Intervenci\u00f3n integral de las demencias"},"content":{"rendered":"<p>La demencia no es una enfermedad, es un concepto cl\u00ednico que puede tener diversas etiolog\u00edas. Para describirla se han propuesto diversas definiciones, algunas de ellas muy vagas, mientras que en otras se han enfatizado las alteraciones conductuales.<\/p>\n<p>Hasta hace poco tiempo la demencia se consideraba una entidad progresiva de car\u00e1cter irreversible. En los \u00faltimos a\u00f1os, el concepto de demencia se ha ampliado y en ella se ha permitido el concepto de reversibilidad, ya que en algunos tipos, dependiendo de su etiolog\u00eda, se puede desacelerar y revertir el proceso demencial, si se proporciona el tratamiento oportuno.<\/p>\n<p>El diagn\u00f3stico de demencia a un ser querido genera estr\u00e9s en toda la familia sobre todo en el cuidador primario. El presente libro tiene como objetivo brindar al cuidadorinformaci\u00f3n sencilla con base en evidencia cient\u00edfica y estrategias sobre las medidas que favorezcan la atenci\u00f3n de pacientes con demencia. Se ofrece informacion sobre el padecimiento, as\u00ed como identificar qu\u00e9 estrategias se pueden utilizar en la vida diaria.<\/p>\n<p>En la primera parte se presenta una revisi\u00f3n actualizada sobre qu\u00e9 es la demencia y los tratamientos que ayudan al manejo de los s\u00edntomas y benefician la calidad de vida. En la segunda se presentan estrategias para favorecer las actividades de la vida cotidiana de manera m\u00e1s eficiente. En el tercer apartado se presentan ejercicios que favorecen el desempe\u00f1o cognitivo. Y, por \u00faltimo, se presentan estrategias al cuidador para favorecer su propio cuidado y evitar llegar al desgaste del cuidador.<\/p>\n<p>La demencia puede ser una de las enfermedades m\u00e1s dif\u00edciles de tratar a medida que la enfermedad \u201croba la mente\u201d de nuestros seres queridos. El programa que se presenta en este libro contempla tanto las necesidades del paciente como las de su familia y el cuidador. El objetivo es potenciar al m\u00e1ximo las funciones que puedan estar preservadas y, de esta forma, tratar de mantener al m\u00edni- mo las necesidades de dependencia durante la mayor parte del tiempo posible. A pesar de que estas t\u00e9cnicas no detienen el progreso de la enfermedad, mejoran la calidad de vida, mantienen al paciente alerta y disminuyen la dosis de f\u00e1rmacos necesarios para controlar las alteraciones conductuales.<\/p>\n","protected":false},"excerpt":{"rendered":"<p>La demencia no es una enfermedad, es un concepto cl\u00ednico que puede tener diversas etiolog\u00edas. Para describirla se han propuesto diversas definiciones, algunas de ellas muy vagas, mientras que en otras se han enfatizado las alteraciones conductuales. Hasta hace poco tiempo la demencia se consideraba una entidad progresiva de car\u00e1cter irreversible. En los \u00faltimos a\u00f1os, [&hellip;]<\/p>\n","protected":false},"featured_media":7448,"template":"","meta":[],"product_brand":[],"product_cat":[54],"product_tag":[],"class_list":{"0":"post-5948","1":"product","2":"type-product","3":"status-publish","4":"has-post-thumbnail","6":"product_cat-libros","8":"first","9":"instock","10":"shipping-taxable","11":"purchasable","12":"product-type-simple"},"_links":{"self":[{"href":"https:\/\/mundopsp.cl\/index.php\/wp-json\/wp\/v2\/product\/5948","targetHints":{"allow":["GET"]}}],"collection":[{"href":"https:\/\/mundopsp.cl\/index.php\/wp-json\/wp\/v2\/product"}],"about":[{"href":"https:\/\/mundopsp.cl\/index.php\/wp-json\/wp\/v2\/types\/product"}],"wp:featuredmedia":[{"embeddable":true,"href":"https:\/\/mundopsp.cl\/index.php\/wp-json\/wp\/v2\/media\/7448"}],"wp:attachment":[{"href":"https:\/\/mundopsp.cl\/index.php\/wp-json\/wp\/v2\/media?parent=5948"}],"wp:term":[{"taxonomy":"product_brand","embeddable":true,"href":"https:\/\/mundopsp.cl\/index.php\/wp-json\/wp\/v2\/product_brand?post=5948"},{"taxonomy":"product_cat","embeddable":true,"href":"https:\/\/mundopsp.cl\/index.php\/wp-json\/wp\/v2\/product_cat?post=5948"},{"taxonomy":"product_tag","embeddable":true,"href":"https:\/\/mundopsp.cl\/index.php\/wp-json\/wp\/v2\/product_tag?post=5948"}],"curies":[{"name":"wp","href":"https:\/\/api.w.org\/{rel}","templated":true}]}}