{"id":5950,"date":"2023-09-25T23:24:09","date_gmt":"2023-09-25T23:24:09","guid":{"rendered":"https:\/\/mundopsp.cl\/?post_type=product&#038;p=5950"},"modified":"2024-12-08T17:48:18","modified_gmt":"2024-12-08T17:48:18","slug":"estimulacion-cognitiva","status":"publish","type":"product","link":"https:\/\/mundopsp.cl\/index.php\/producto\/estimulacion-cognitiva\/","title":{"rendered":"Estimulaci\u00f3n cognitiva"},"content":{"rendered":"<p>La estimulaci\u00f3n cognitiva es una metodolog\u00eda dirigida a mantener o mejorar el rendimiento cognitivo, tanto de personas con d\u00e9ficits como personas sanas que quieran mejorar sus capacidades cerebrales. Este libro de estimulaci\u00f3n cognitiva tiene como objetivo principal la mejor\u00eda de las capacidades cognitivas da\u00f1adas as\u00ed como reforzar aquellas capacidades que se encuentran preservadas. Su utilizaci\u00f3n es muy recomendable y beneficiosa tanto en adultos con enfermedades neurodegenerativas(Alzheimer, Parkinson, esclerosis, demencia\u2026), como por da\u00f1o neurol\u00f3gico por ACV, traumatismos craneoencef\u00e1licos\u2026 Por el tipo de ejercicios propuestos, tambi\u00e9n es muy \u00fatil para poblaci\u00f3n infantil con d\u00e9ficit atencional, dificultades de aprendizaje, problemas de lectoescritura, trastornos del neurodesarrollo, retraso madurativo o da\u00f1o cerebral adquirido. Los ejercicios de este libro han sido desarrollados por neuropsic\u00f3logos y est\u00e1 dirigido tanto a profesionales que trabajen en el \u00e1mbito de la estimulaci\u00f3n cognitiva, con poblaci\u00f3n adulta o infantil, como personas que quieran mejorar su propio rendimiento cerebral o el de alg\u00fan familiar.<\/p>\n","protected":false},"excerpt":{"rendered":"<p>La estimulaci\u00f3n cognitiva es una metodolog\u00eda dirigida a mantener o mejorar el rendimiento cognitivo, tanto de personas con d\u00e9ficits como personas sanas que quieran mejorar sus capacidades cerebrales. Este libro de estimulaci\u00f3n cognitiva tiene como objetivo principal la mejor\u00eda de las capacidades cognitivas da\u00f1adas as\u00ed como reforzar aquellas capacidades que se encuentran preservadas. Su utilizaci\u00f3n [&hellip;]<\/p>\n","protected":false},"featured_media":7447,"template":"","meta":[],"product_brand":[],"product_cat":[165],"product_tag":[],"class_list":{"0":"post-5950","1":"product","2":"type-product","3":"status-publish","4":"has-post-thumbnail","6":"product_cat-cuadernos-de-estimulacion-cognitiva","8":"first","9":"instock","10":"shipping-taxable","11":"purchasable","12":"product-type-simple"},"_links":{"self":[{"href":"https:\/\/mundopsp.cl\/index.php\/wp-json\/wp\/v2\/product\/5950","targetHints":{"allow":["GET"]}}],"collection":[{"href":"https:\/\/mundopsp.cl\/index.php\/wp-json\/wp\/v2\/product"}],"about":[{"href":"https:\/\/mundopsp.cl\/index.php\/wp-json\/wp\/v2\/types\/product"}],"wp:featuredmedia":[{"embeddable":true,"href":"https:\/\/mundopsp.cl\/index.php\/wp-json\/wp\/v2\/media\/7447"}],"wp:attachment":[{"href":"https:\/\/mundopsp.cl\/index.php\/wp-json\/wp\/v2\/media?parent=5950"}],"wp:term":[{"taxonomy":"product_brand","embeddable":true,"href":"https:\/\/mundopsp.cl\/index.php\/wp-json\/wp\/v2\/product_brand?post=5950"},{"taxonomy":"product_cat","embeddable":true,"href":"https:\/\/mundopsp.cl\/index.php\/wp-json\/wp\/v2\/product_cat?post=5950"},{"taxonomy":"product_tag","embeddable":true,"href":"https:\/\/mundopsp.cl\/index.php\/wp-json\/wp\/v2\/product_tag?post=5950"}],"curies":[{"name":"wp","href":"https:\/\/api.w.org\/{rel}","templated":true}]}}