{"id":6249,"date":"2023-11-23T17:47:09","date_gmt":"2023-11-23T17:47:09","guid":{"rendered":"https:\/\/mundopsp.cl\/?post_type=product&#038;p=6249"},"modified":"2024-07-30T00:41:51","modified_gmt":"2024-07-30T00:41:51","slug":"no-tan-terribles","status":"publish","type":"product","link":"https:\/\/mundopsp.cl\/index.php\/producto\/no-tan-terribles\/","title":{"rendered":"No tan terribles"},"content":{"rendered":"<p><strong>\u201c\u00a1Est\u00e1 terrible!\u201d:\u00a0<\/strong>es lo que solemos decir cuando nos preguntan por nuestro hijo o hija que hasta ayer nom\u00e1s era un tranquilo beb\u00e9. Mam\u00e1s, pap\u00e1s y otros cuidadores nos encontramos con que, de pronto, se imponen, ya no aceptan nuestras propuestas, ponen a prueba sus l\u00edmites (\u00a1y los nuestros!) y defienden sus deseos con la furia de un hurac\u00e1n.<\/p>\n<p><span class=\"s1\">A esta etapa, que comienza alrededor del a\u00f1o y se extiende hasta<br \/>\n<\/span><span class=\"s2\">aproximadamente los cuatro, se la suele llamar los \u201cterribles dos a\u00f1os\u201d.<\/span><br \/>\n<span class=\"s3\">\u00bfPero son tan terribles los \u201cterribles dos\u201d? \u00bfO m\u00e1s bien es terrible enfrentarse<\/span><br \/>\na la idea de que nuestros hijos e hijas crecen y eligen, se manifiestan y nos contradicen, y a veces la paciencia flaquea?<\/p>\n<p><span class=\"s1\"><strong>Ad\u00ed Nativ\u00a0<\/strong>(pediatra),\u00a0<strong>Ivana Raschkovan<\/strong>\u00a0(psic\u00f3loga) y\u00a0<strong>Noelia Schulz<\/strong><\/span><span class=\"s2\"><br \/>\n(comunicadora, doula y asesora de porteo) vienen trabajando con familias y profesionales, desde la Red Interdisciplinaria de Crianza que dirigen, en esta etapa cr\u00edtica en la vida de todo ni\u00f1o. Este libro se gest\u00f3 poquito a<br \/>\npoquito, en cada una de las m\u00faltiples ediciones de su taller \u201cLos \u00bfterribles?\u00a0<\/span><span class=\"s3\">dos a\u00f1os\u201d, espacio por el cual ya han transitado cerca de trescientas familias.<\/span><\/p>\n<p><span class=\"s2\"><strong>El sue\u00f1o, la teta o el destete, el jard\u00edn de infantes, los berrinches, el \u201cno\u201d y el \u201cyo solito\u201d, dejar o\u00a0<\/strong><\/span><span class=\"s3\"><strong>no los pa\u00f1ales\u2026 todos los temas fundamentales de estos a\u00f1os son repensados,\u00a0<\/strong><\/span><span class=\"s2\"><strong>compartidos y analizados, con humor y mucha informaci\u00f3n, para que cada familia pueda elegir y crear v\u00ednculos saludables, con menos frustraci\u00f3n y m\u00e1s alegr\u00eda.<\/strong><\/span><\/p>\n<p><strong><em>\u201cCriar puede ser un desaf\u00edo sumamente placentero, una forma de aprender y nutrirse, una aventura diaria y uno de los modos m\u00e1s hermosos de legar amor al mundo. Que las familias sean capaces de disfrutar la crianza, aun\u00a0<\/em><\/strong><span class=\"s3\"><strong><em>con sus altibajos y sus sabores agridulces, es uno de nuestros mayores deseos.\u201d<\/em><\/strong><\/span><\/p>\n","protected":false},"excerpt":{"rendered":"<p><span class=\"s2\"><strong>Deconstruir lo que pens\u00e1bamos como universal, cuestionar mandatos, repensar pr\u00e1cticas, buscar otras maneras y construir democr\u00e1ticamente reglas en familia: de eso se trata\u00a0<em>No tan terribles<\/em>. <\/strong><\/span><\/p>\n","protected":false},"featured_media":7424,"template":"","meta":[],"product_brand":[],"product_cat":[54],"product_tag":[],"class_list":{"0":"post-6249","1":"product","2":"type-product","3":"status-publish","4":"has-post-thumbnail","6":"product_cat-libros","8":"first","9":"instock","10":"shipping-taxable","11":"purchasable","12":"product-type-simple"},"_links":{"self":[{"href":"https:\/\/mundopsp.cl\/index.php\/wp-json\/wp\/v2\/product\/6249","targetHints":{"allow":["GET"]}}],"collection":[{"href":"https:\/\/mundopsp.cl\/index.php\/wp-json\/wp\/v2\/product"}],"about":[{"href":"https:\/\/mundopsp.cl\/index.php\/wp-json\/wp\/v2\/types\/product"}],"wp:featuredmedia":[{"embeddable":true,"href":"https:\/\/mundopsp.cl\/index.php\/wp-json\/wp\/v2\/media\/7424"}],"wp:attachment":[{"href":"https:\/\/mundopsp.cl\/index.php\/wp-json\/wp\/v2\/media?parent=6249"}],"wp:term":[{"taxonomy":"product_brand","embeddable":true,"href":"https:\/\/mundopsp.cl\/index.php\/wp-json\/wp\/v2\/product_brand?post=6249"},{"taxonomy":"product_cat","embeddable":true,"href":"https:\/\/mundopsp.cl\/index.php\/wp-json\/wp\/v2\/product_cat?post=6249"},{"taxonomy":"product_tag","embeddable":true,"href":"https:\/\/mundopsp.cl\/index.php\/wp-json\/wp\/v2\/product_tag?post=6249"}],"curies":[{"name":"wp","href":"https:\/\/api.w.org\/{rel}","templated":true}]}}