{"id":6646,"date":"2024-01-30T20:02:45","date_gmt":"2024-01-30T20:02:45","guid":{"rendered":"https:\/\/mundopsp.cl\/?post_type=product&#038;p=6646"},"modified":"2024-08-01T03:01:27","modified_gmt":"2024-08-01T03:01:27","slug":"cuento-con-pictogramas-ana-va-al-mercado","status":"publish","type":"product","link":"https:\/\/mundopsp.cl\/index.php\/producto\/cuento-con-pictogramas-ana-va-al-mercado\/","title":{"rendered":"Cuento con pictogramas:  Ana va al mercado"},"content":{"rendered":"<p>Contiene textos especialmente adaptados con pictogramas SPC (s\u00edmbolos pictogr\u00e1ficos para la comunicaci\u00f3n), tarjetas con pictogramas y tarjetas ilustradas en alta calidad para hacer m\u00e1s f\u00e1cil la comprensi\u00f3n de la historia y permitir al ni\u00f1o\/a construir cada frase de forma aut\u00f3noma.<\/p>\n","protected":false},"excerpt":{"rendered":"<p>Contiene textos especialmente adaptados con pictogramas SPC (s\u00edmbolos pictogr\u00e1ficos para la comunicaci\u00f3n), tarjetas con pictogramas y tarjetas ilustradas en alta calidad para hacer m\u00e1s f\u00e1cil la comprensi\u00f3n de la historia y permitir al ni\u00f1o\/a construir cada frase de forma aut\u00f3noma.<\/p>\n","protected":false},"featured_media":7416,"template":"","meta":[],"product_brand":[],"product_cat":[65],"product_tag":[],"class_list":{"0":"post-6646","1":"product","2":"type-product","3":"status-publish","4":"has-post-thumbnail","6":"product_cat-material-cognitivo","8":"first","9":"instock","10":"shipping-taxable","11":"purchasable","12":"product-type-simple"},"_links":{"self":[{"href":"https:\/\/mundopsp.cl\/index.php\/wp-json\/wp\/v2\/product\/6646","targetHints":{"allow":["GET"]}}],"collection":[{"href":"https:\/\/mundopsp.cl\/index.php\/wp-json\/wp\/v2\/product"}],"about":[{"href":"https:\/\/mundopsp.cl\/index.php\/wp-json\/wp\/v2\/types\/product"}],"wp:featuredmedia":[{"embeddable":true,"href":"https:\/\/mundopsp.cl\/index.php\/wp-json\/wp\/v2\/media\/7416"}],"wp:attachment":[{"href":"https:\/\/mundopsp.cl\/index.php\/wp-json\/wp\/v2\/media?parent=6646"}],"wp:term":[{"taxonomy":"product_brand","embeddable":true,"href":"https:\/\/mundopsp.cl\/index.php\/wp-json\/wp\/v2\/product_brand?post=6646"},{"taxonomy":"product_cat","embeddable":true,"href":"https:\/\/mundopsp.cl\/index.php\/wp-json\/wp\/v2\/product_cat?post=6646"},{"taxonomy":"product_tag","embeddable":true,"href":"https:\/\/mundopsp.cl\/index.php\/wp-json\/wp\/v2\/product_tag?post=6646"}],"curies":[{"name":"wp","href":"https:\/\/api.w.org\/{rel}","templated":true}]}}