{"id":6898,"date":"2024-07-02T19:27:51","date_gmt":"2024-07-02T19:27:51","guid":{"rendered":"https:\/\/mundopsp.cl\/?post_type=product&#038;p=6898"},"modified":"2024-12-08T17:58:25","modified_gmt":"2024-12-08T17:58:25","slug":"lectoescritura-y-dislexia-de-la-teoria-a-la-practica","status":"publish","type":"product","link":"https:\/\/mundopsp.cl\/index.php\/producto\/lectoescritura-y-dislexia-de-la-teoria-a-la-practica\/","title":{"rendered":"Lectoescritura y Dislexia \u2013 De la teor\u00eda a la practica"},"content":{"rendered":"<p>Aprender a leer y escribir representa un desaf\u00edo significativo para nuestro cerebro, marcando un hito crucial en nuestro desarrollo. La lectura no solo transforma nuestras habilidades cognitivas, sino que tambi\u00e9n trasforma nuestra vida cotidiana. As\u00ed como cada ni\u00f1o es \u00fanico, sus cerebros tambi\u00e9n responden de manera diversa al proceso de aprendizaje lector.<\/p>\n<p>En el libro \u201clectoescritura y dislexia: de la teor\u00eda a la pr\u00e1ctica\u201d, se explora el proceso de aprendizaje lector y se proporcionan perspectivas sobre los diversos m\u00e9todos de lectura que pueden adaptarse a las necesidades individuales de los alumnos. Reconocer la diversidad en los enfoques de ense\u00f1anza es esencial para seleccionar el m\u00e9todo m\u00e1s adecuado para cada estudiante.<\/p>\n<p>No obstante, cuando el proceso lectoescritor se vuelve desafiante, puede ser indicativo de la presencia de dislexia. En estos casos, es crucial profundizar en la comprensi\u00f3n de este trastorno de aprendizaje. El libro ofrece informaci\u00f3n y orientaci\u00f3n detallada sobre la dislexia; ense\u00f1a c\u00f3mo abordarla, proporciona estrategias pr\u00e1cticas y actividades espec\u00edficas que pueden integrarse en la rutina diaria. Adem\u00e1s de brindar herramientas para enfrentar los desaf\u00edos diarios tanto en el entorno educativo como en el hogar.<\/p>\n<p>&nbsp;<\/p>\n","protected":false},"excerpt":{"rendered":"<p>\u201clectoescritura y dislexia: de la teor\u00eda a la pr\u00e1ctica\u201d, no s\u00f3lo explora el proceso de aprendizaje lector y los m\u00e9todos de ense\u00f1anza, sino que tambi\u00e9n se sumerge en la complejidad de la dislexia, ofreciendo recursos valiosos para aquellos que buscan comprender, abordar y superar los desaf\u00edos en el desarrollo de la lectoescritura.<\/p>\n","protected":false},"featured_media":7331,"template":"","meta":[],"product_brand":[],"product_cat":[54],"product_tag":[],"class_list":{"0":"post-6898","1":"product","2":"type-product","3":"status-publish","4":"has-post-thumbnail","6":"product_cat-libros","8":"first","9":"instock","10":"shipping-taxable","11":"purchasable","12":"product-type-simple"},"_links":{"self":[{"href":"https:\/\/mundopsp.cl\/index.php\/wp-json\/wp\/v2\/product\/6898","targetHints":{"allow":["GET"]}}],"collection":[{"href":"https:\/\/mundopsp.cl\/index.php\/wp-json\/wp\/v2\/product"}],"about":[{"href":"https:\/\/mundopsp.cl\/index.php\/wp-json\/wp\/v2\/types\/product"}],"wp:featuredmedia":[{"embeddable":true,"href":"https:\/\/mundopsp.cl\/index.php\/wp-json\/wp\/v2\/media\/7331"}],"wp:attachment":[{"href":"https:\/\/mundopsp.cl\/index.php\/wp-json\/wp\/v2\/media?parent=6898"}],"wp:term":[{"taxonomy":"product_brand","embeddable":true,"href":"https:\/\/mundopsp.cl\/index.php\/wp-json\/wp\/v2\/product_brand?post=6898"},{"taxonomy":"product_cat","embeddable":true,"href":"https:\/\/mundopsp.cl\/index.php\/wp-json\/wp\/v2\/product_cat?post=6898"},{"taxonomy":"product_tag","embeddable":true,"href":"https:\/\/mundopsp.cl\/index.php\/wp-json\/wp\/v2\/product_tag?post=6898"}],"curies":[{"name":"wp","href":"https:\/\/api.w.org\/{rel}","templated":true}]}}