{"id":7972,"date":"2024-08-07T15:16:08","date_gmt":"2024-08-07T15:16:08","guid":{"rendered":"https:\/\/mundopsp.cl\/?post_type=product&#038;p=7972"},"modified":"2026-02-12T06:18:38","modified_gmt":"2026-02-12T06:18:38","slug":"mas-alla-de-los-sonidos-del-habla","status":"publish","type":"product","link":"https:\/\/mundopsp.cl\/index.php\/producto\/mas-alla-de-los-sonidos-del-habla\/","title":{"rendered":"M\u00e1s all\u00e1 de los sonidos del habla"},"content":{"rendered":"<p>Durante muchos a\u00f1os se ha subestimado a la patolog\u00eda vinculada a los sonidos del habla o al aspecto fonol\u00f3gico del lenguaje por ser considerada de r\u00e1pida y sencilla resoluci\u00f3n con o sin intervenci\u00f3n fonoaudiol\u00f3gica. Hoy en d\u00eda, sabemos que esto no es as\u00ed y que son un elemento fundamental tanto en el lenguaje y la comunicaci\u00f3n humana, como en el proceso alfabetizador.<br \/>\nSonidos del Habla te invita a conocer en profundidad el universo fonol\u00f3gico, a conocer el desarrollo t\u00edpico y las alteraciones que en \u00e9l pueden suceder, y te brindar\u00e1 herramientas para la intervenci\u00f3n terap\u00e9utica.<\/p>\n<p>\u00cdndice<br \/>\nCap\u00edtulo 1 \u2013 Introducci\u00f3n<br \/>\n\u2013 Un poco de historia<\/p>\n<p>Cap\u00edtulo 2 \u2013 El Aspecto Fonol\u00f3gico y su Desarrollo<br \/>\n\u2013 Sobre la fonolog\u00eda y sus conceptos<br \/>\n\u2013 Los sonidos del habla<br \/>\n\u2013 El ni\u00f1o se descubre y se apropia de los sonidos del habla<br \/>\n\u2013 El balbuceo<br \/>\n\u2013 Relaci\u00f3n entre desarrollo fonol\u00f3gico y desarrollo lexical<br \/>\n\u2013 Los procesos fonol\u00f3gicos de simplificaci\u00f3n<br \/>\n\u2013 Padres y madre en el desarrollo fonol\u00f3gico<\/p>\n<p>Cap\u00edtulo 3 \u2013 Conciencia Fonol\u00f3gica<br \/>\n\u2013 La conciencia fonol\u00f3gica<br \/>\n\u2013 Conciencia sil\u00e1bica<br \/>\n\u2013 Conciencia fon\u00e9mica<br \/>\n\u2013 La conciencia fonol\u00f3gica en la lectoescritura<br \/>\n\u2013 Conciencia fonol\u00f3gica, trastornos del lenguaje y trastornos de los sonidos del habla<\/p>\n<p>Cap\u00edtulo 4: La Evaluaci\u00f3n del Aspecto Fonol\u00f3gico<br \/>\n\u2013 \u00bfEn qu\u00e9 consiste la evaluaci\u00f3n del aspecto fonol\u00f3gico?<br \/>\n\u2013 Organizar la evaluaci\u00f3n<br \/>\n\u2013 An\u00e1lisis del habla<br \/>\n\u2013 La evaluaci\u00f3n estandarizada<br \/>\n\u2013 Herramientas de evaluaci\u00f3n<\/p>\n<p>Cap\u00edtulo 5: El Trastorno de los Sonidos del Habla<br \/>\n\u2013 \u00bfQu\u00e9 es el trastorno de los sonidos del habla?<br \/>\n\u2013 Tipos de TSH<br \/>\n\u2013 Sobre la heterogeneidad y la terminolog\u00eda<br \/>\n\u2013 El TSH en el proceso alfabetizador<br \/>\n\u2013 TSH en comorbilidad con el TDL<\/p>\n<p>Cap\u00edtulo 6: La Dislexia y su Relaci\u00f3n con el Lenguaje<br \/>\n\u2013 El proceso alfabetizador<br \/>\n\u2013 Lectura y lenguaje<br \/>\n\u2013 El rol de la conciencia fonol\u00f3gica en la alfabetizaci\u00f3n<br \/>\n\u2013 \u00bfQu\u00e9 es la dislexia?<br \/>\n\u2013 La lectura en el ni\u00f1o con TDL<br \/>\n\u2013 El rol del terapeuta del lenguaje en el tratamiento de una persona con Dislexia<\/p>\n<p>Cap\u00edtulo 7: Desarrollo Fonol\u00f3gico en el Ni\u00f1o Prematuro<br \/>\n\u2013 La prematuridad<br \/>\n\u2013 El ni\u00f1o prematuro<br \/>\n\u2013 El lenguaje en el ni\u00f1o prematuro<br \/>\n\u2013 Habilidades fonol\u00f3gicas en el ni\u00f1o prematuro<br \/>\n\u2013 \u00bfQu\u00e9 podemos hacer al respecto?<\/p>\n<p>Cap\u00edtulo 8: Intervenci\u00f3n Fonoaudiol\u00f3gica<br \/>\n\u2013 Sobre la evidencia cient\u00edfica<br \/>\n\u2013 Sobre las decisiones terap\u00e9uticas<br \/>\n\u2013 Enfoques en el abordaje cl\u00ednico<br \/>\n\u2013 La elecci\u00f3n del abordaje terap\u00e9utico<br \/>\n\u2013 Sobre el uso de recursos y otros apoyos<br \/>\n\u2013 Entrenar la conciencia fonol\u00f3gica<br \/>\n\u2013 Planificar la intervenci\u00f3n<\/p>\n","protected":false},"excerpt":{"rendered":"<p>Entre el lenguaje y la alfabetizaci\u00f3n<\/p>\n","protected":false},"featured_media":7973,"template":"","meta":[],"product_brand":[],"product_cat":[54],"product_tag":[],"class_list":{"0":"post-7972","1":"product","2":"type-product","3":"status-publish","4":"has-post-thumbnail","6":"product_cat-libros","8":"first","9":"instock","10":"shipping-taxable","11":"purchasable","12":"product-type-simple"},"_links":{"self":[{"href":"https:\/\/mundopsp.cl\/index.php\/wp-json\/wp\/v2\/product\/7972","targetHints":{"allow":["GET"]}}],"collection":[{"href":"https:\/\/mundopsp.cl\/index.php\/wp-json\/wp\/v2\/product"}],"about":[{"href":"https:\/\/mundopsp.cl\/index.php\/wp-json\/wp\/v2\/types\/product"}],"wp:featuredmedia":[{"embeddable":true,"href":"https:\/\/mundopsp.cl\/index.php\/wp-json\/wp\/v2\/media\/7973"}],"wp:attachment":[{"href":"https:\/\/mundopsp.cl\/index.php\/wp-json\/wp\/v2\/media?parent=7972"}],"wp:term":[{"taxonomy":"product_brand","embeddable":true,"href":"https:\/\/mundopsp.cl\/index.php\/wp-json\/wp\/v2\/product_brand?post=7972"},{"taxonomy":"product_cat","embeddable":true,"href":"https:\/\/mundopsp.cl\/index.php\/wp-json\/wp\/v2\/product_cat?post=7972"},{"taxonomy":"product_tag","embeddable":true,"href":"https:\/\/mundopsp.cl\/index.php\/wp-json\/wp\/v2\/product_tag?post=7972"}],"curies":[{"name":"wp","href":"https:\/\/api.w.org\/{rel}","templated":true}]}}