{"id":7981,"date":"2024-08-07T15:39:55","date_gmt":"2024-08-07T15:39:55","guid":{"rendered":"https:\/\/mundopsp.cl\/?post_type=product&#038;p=7981"},"modified":"2024-12-08T17:57:32","modified_gmt":"2024-12-08T17:57:32","slug":"dificultades-del-lenguaje-en-los-trastornos-del-neurodesarrollo-3","status":"publish","type":"product","link":"https:\/\/mundopsp.cl\/index.php\/producto\/dificultades-del-lenguaje-en-los-trastornos-del-neurodesarrollo-3\/","title":{"rendered":"Dificultades del lenguaje en los trastornos del neurodesarrollo"},"content":{"rendered":"<p>En las etapas del desarrollo infantil, las dificultades del lenguaje pueden asociarse a las caracter\u00edsticas de ciertos trastornos del desarrollo. Este manual, Dificultades del lenguaje en los trastornos del desarrollo, recoge una actualizaci\u00f3n de las investigaciones sobre las patolog\u00edas del desarrollo asociadas de manera secundaria o com\u00f3rbidas a un trastorno del lenguaje, as\u00ed como las especificidades de su evaluaci\u00f3n y tratamiento. En este primer volumen se analiza la clasificaci\u00f3n del proyecto CATALISE junto a otras perspectivas te\u00f3ricas. Adem\u00e1s, se abordan los trastornos del lenguaje asociados a factores biom\u00e9dicos debidos a las dificultades sensoriales, el da\u00f1o cerebral adquirido y la par\u00e1lisis cerebral.<\/p>\n","protected":false},"excerpt":{"rendered":"<p>Volumen I<\/p>\n","protected":false},"featured_media":7979,"template":"","meta":[],"product_brand":[],"product_cat":[54],"product_tag":[],"class_list":{"0":"post-7981","1":"product","2":"type-product","3":"status-publish","4":"has-post-thumbnail","6":"product_cat-libros","8":"first","9":"instock","10":"shipping-taxable","11":"purchasable","12":"product-type-simple"},"_links":{"self":[{"href":"https:\/\/mundopsp.cl\/index.php\/wp-json\/wp\/v2\/product\/7981","targetHints":{"allow":["GET"]}}],"collection":[{"href":"https:\/\/mundopsp.cl\/index.php\/wp-json\/wp\/v2\/product"}],"about":[{"href":"https:\/\/mundopsp.cl\/index.php\/wp-json\/wp\/v2\/types\/product"}],"wp:featuredmedia":[{"embeddable":true,"href":"https:\/\/mundopsp.cl\/index.php\/wp-json\/wp\/v2\/media\/7979"}],"wp:attachment":[{"href":"https:\/\/mundopsp.cl\/index.php\/wp-json\/wp\/v2\/media?parent=7981"}],"wp:term":[{"taxonomy":"product_brand","embeddable":true,"href":"https:\/\/mundopsp.cl\/index.php\/wp-json\/wp\/v2\/product_brand?post=7981"},{"taxonomy":"product_cat","embeddable":true,"href":"https:\/\/mundopsp.cl\/index.php\/wp-json\/wp\/v2\/product_cat?post=7981"},{"taxonomy":"product_tag","embeddable":true,"href":"https:\/\/mundopsp.cl\/index.php\/wp-json\/wp\/v2\/product_tag?post=7981"}],"curies":[{"name":"wp","href":"https:\/\/api.w.org\/{rel}","templated":true}]}}