{"id":8099,"date":"2025-03-24T19:32:08","date_gmt":"2025-03-24T19:32:08","guid":{"rendered":"https:\/\/mundopsp.cl\/?post_type=product&#038;p=8099"},"modified":"2025-03-24T19:32:09","modified_gmt":"2025-03-24T19:32:09","slug":"lenguaje-infantil-en-la-escuela","status":"publish","type":"product","link":"https:\/\/mundopsp.cl\/index.php\/producto\/lenguaje-infantil-en-la-escuela\/","title":{"rendered":"Lenguaje Infantil en la escuela"},"content":{"rendered":"<p style=\"font-weight: 400;\"><span style=\"font-weight: inherit; font-style: inherit;\" data-product-id=\"8388\">La escuela es el espacio por excelencia donde el ni\u00f1o desarrolla la capacidad de expresi\u00f3n y de comprensi\u00f3n oral y escrita. Este libro recoge c\u00f3mo se debe enfocar el trabajo para abordar la ense\u00f1anza del lenguaje en la escuela. Su estructura se ha organizado en torno a las tres formas de expresi\u00f3n ling\u00fc\u00edstica que se trabajan en las aulas: la lengua oral, la lectura y la escritura. El objetivo es proporcionar a los educadores unas bases s\u00f3lidas sobre las que poder organizar el trabajo en estos \u00e1mbitos. El libro pretende proporcionar, adem\u00e1s, propuestas de estrategias y actividades que se pueden aplicar directamente con los ni\u00f1os.<\/span><\/p>\n","protected":false},"excerpt":{"rendered":"<p>La escuela es el espacio por excelencia donde el ni\u00f1o desarrolla la capacidad de expresi\u00f3n y de comprensi\u00f3n oral y escrita. Este libro recoge c\u00f3mo se debe enfocar el trabajo para abordar la ense\u00f1anza del lenguaje en la escuela. Su estructura se ha organizado en torno a las tres formas de expresi\u00f3n ling\u00fc\u00edstica que se [&hellip;]<\/p>\n","protected":false},"featured_media":8087,"template":"","meta":[],"product_brand":[],"product_cat":[54,408],"product_tag":[],"class_list":{"0":"post-8099","1":"product","2":"type-product","3":"status-publish","4":"has-post-thumbnail","6":"product_cat-libros","7":"product_cat-novedades","9":"first","10":"instock","11":"shipping-taxable","12":"purchasable","13":"product-type-simple"},"_links":{"self":[{"href":"https:\/\/mundopsp.cl\/index.php\/wp-json\/wp\/v2\/product\/8099","targetHints":{"allow":["GET"]}}],"collection":[{"href":"https:\/\/mundopsp.cl\/index.php\/wp-json\/wp\/v2\/product"}],"about":[{"href":"https:\/\/mundopsp.cl\/index.php\/wp-json\/wp\/v2\/types\/product"}],"wp:featuredmedia":[{"embeddable":true,"href":"https:\/\/mundopsp.cl\/index.php\/wp-json\/wp\/v2\/media\/8087"}],"wp:attachment":[{"href":"https:\/\/mundopsp.cl\/index.php\/wp-json\/wp\/v2\/media?parent=8099"}],"wp:term":[{"taxonomy":"product_brand","embeddable":true,"href":"https:\/\/mundopsp.cl\/index.php\/wp-json\/wp\/v2\/product_brand?post=8099"},{"taxonomy":"product_cat","embeddable":true,"href":"https:\/\/mundopsp.cl\/index.php\/wp-json\/wp\/v2\/product_cat?post=8099"},{"taxonomy":"product_tag","embeddable":true,"href":"https:\/\/mundopsp.cl\/index.php\/wp-json\/wp\/v2\/product_tag?post=8099"}],"curies":[{"name":"wp","href":"https:\/\/api.w.org\/{rel}","templated":true}]}}