{"id":8106,"date":"2025-04-10T16:40:14","date_gmt":"2025-04-10T16:40:14","guid":{"rendered":"https:\/\/mundopsp.cl\/?post_type=product&#038;p=8106"},"modified":"2025-04-11T00:24:42","modified_gmt":"2025-04-11T00:24:42","slug":"intervencion-educativa-en-el-tdah","status":"publish","type":"product","link":"https:\/\/mundopsp.cl\/index.php\/producto\/intervencion-educativa-en-el-tdah\/","title":{"rendered":"Intervencion educativa en el TDAH"},"content":{"rendered":"<p>M\u00e1s de 100 propuestas para educadores y familias<\/p>\n<p>Tengo un alumno con TDAH \u00bfy ahora qu\u00e9 puedo hacer?\u00bb, \u00abNuestra hija ha sido diagnosticada como TDAH \u00bfy ahora qu\u00e9 hacemos?\u00bb. El libro que tienes entre tus manos, trata de responder precisamente a esas inquietudes: qu\u00e9 puedes hacer con un ni\u00f1o o ni\u00f1a con TDAH, si eres docente, educador en cualquier \u00e1mbito, padre o madre. Para ello te propongo m\u00e1s de 100 medidas pr\u00e1cticas y concretas que se desarrollan en los diferentes cap\u00edtulos que componen el libro. Las medidas abordan diferentes contextos: el centro educativo en general, el aula, el contexto familiar y la intervenci\u00f3n individual. Est\u00e1n referidas a distintas cuestiones: c\u00f3mo adaptar los ex\u00e1menes o pruebas de evaluaci\u00f3n, c\u00f3mo manejar la hiperactividad en el aula, c\u00f3mo desarrollar programas de detecci\u00f3n precoz en un centro, cu\u00e1les deben ser las primeras actuaciones en casa, c\u00f3mo decir a tu hijo que padece TDAH, o conocer diferentes modelos de actividades para estimular la atenci\u00f3n, entre otras. En definitiva, m\u00e1s de 100 propuestas para dar una respuesta educativa a los ni\u00f1os y ni\u00f1as con TDAH en la escuela y en la familia.<\/p>\n","protected":false},"excerpt":{"rendered":"<p>Editorial Neuroaprendizaje Infantil<\/p>\n","protected":false},"featured_media":8107,"template":"","meta":[],"product_brand":[],"product_cat":[54,408],"product_tag":[],"class_list":{"0":"post-8106","1":"product","2":"type-product","3":"status-publish","4":"has-post-thumbnail","6":"product_cat-libros","7":"product_cat-novedades","9":"first","10":"instock","11":"shipping-taxable","12":"purchasable","13":"product-type-simple"},"_links":{"self":[{"href":"https:\/\/mundopsp.cl\/index.php\/wp-json\/wp\/v2\/product\/8106","targetHints":{"allow":["GET"]}}],"collection":[{"href":"https:\/\/mundopsp.cl\/index.php\/wp-json\/wp\/v2\/product"}],"about":[{"href":"https:\/\/mundopsp.cl\/index.php\/wp-json\/wp\/v2\/types\/product"}],"wp:featuredmedia":[{"embeddable":true,"href":"https:\/\/mundopsp.cl\/index.php\/wp-json\/wp\/v2\/media\/8107"}],"wp:attachment":[{"href":"https:\/\/mundopsp.cl\/index.php\/wp-json\/wp\/v2\/media?parent=8106"}],"wp:term":[{"taxonomy":"product_brand","embeddable":true,"href":"https:\/\/mundopsp.cl\/index.php\/wp-json\/wp\/v2\/product_brand?post=8106"},{"taxonomy":"product_cat","embeddable":true,"href":"https:\/\/mundopsp.cl\/index.php\/wp-json\/wp\/v2\/product_cat?post=8106"},{"taxonomy":"product_tag","embeddable":true,"href":"https:\/\/mundopsp.cl\/index.php\/wp-json\/wp\/v2\/product_tag?post=8106"}],"curies":[{"name":"wp","href":"https:\/\/api.w.org\/{rel}","templated":true}]}}